{"id":33,"date":"2024-12-22T09:36:48","date_gmt":"2024-12-22T09:36:48","guid":{"rendered":"http:\/\/localhost\/ttdtmanhlinh\/?page_id=33"},"modified":"2026-03-24T07:17:53","modified_gmt":"2026-03-24T07:17:53","slug":"thong-bao","status":"publish","type":"page","link":"https:\/\/dtlxmanhlinh.com\/index.php\/thong-bao\/","title":{"rendered":"TIN T\u1ee8C &#8211; TH\u00d4NG B\u00c1O"},"content":{"rendered":"\t\t<div data-elementor-type=\"wp-page\" data-elementor-id=\"33\" class=\"elementor elementor-33\" data-elementor-post-type=\"page\">\n\t\t\t\t<div class=\"elementor-element elementor-element-25ec47c e-flex e-con-boxed e-con e-parent\" data-id=\"25ec47c\" data-element_type=\"container\">\n\t\t\t\t\t<div class=\"e-con-inner\">\n\t\t\t\t<div class=\"elementor-element elementor-element-9fc483c elementor-widget elementor-widget-image\" data-id=\"9fc483c\" data-element_type=\"widget\" data-widget_type=\"image.default\">\n\t\t\t\t<div class=\"elementor-widget-container\">\n\t\t\t\t\t\t\t\t\t\t\t\t\t\t\t<img fetchpriority=\"high\" decoding=\"async\" width=\"1000\" height=\"500\" src=\"http:\/\/dtlxmanhlinh.com\/wp-content\/uploads\/2025\/01\/banner-tet.jpg\" class=\"attachment-large size-large wp-image-411\" alt=\"\" srcset=\"http:\/\/dtlxmanhlinh.com\/wp-content\/uploads\/2025\/01\/banner-tet.jpg 1000w, http:\/\/dtlxmanhlinh.com\/wp-content\/uploads\/2025\/01\/banner-tet-300x150.jpg 300w, http:\/\/dtlxmanhlinh.com\/wp-content\/uploads\/2025\/01\/banner-tet-768x384.jpg 768w\" sizes=\"(max-width: 1000px) 100vw, 1000px\" \/>\t\t\t\t\t\t\t\t\t\t\t\t\t\t\t<\/div>\n\t\t\t\t<\/div>\n\t\t\t\t<div class=\"elementor-element elementor-element-3dd527f elementor-widget elementor-widget-spacer\" data-id=\"3dd527f\" data-element_type=\"widget\" data-widget_type=\"spacer.default\">\n\t\t\t\t<div class=\"elementor-widget-container\">\n\t\t\t\t\t\t\t<div class=\"elementor-spacer\">\n\t\t\t<div class=\"elementor-spacer-inner\"><\/div>\n\t\t<\/div>\n\t\t\t\t\t\t<\/div>\n\t\t\t\t<\/div>\n\t\t\t\t\t<\/div>\n\t\t\t\t<\/div>\n\t\t<div class=\"elementor-element elementor-element-5031661 e-flex e-con-boxed e-con e-parent\" data-id=\"5031661\" data-element_type=\"container\">\n\t\t\t\t\t<div class=\"e-con-inner\">\n\t\t\t\t<div class=\"elementor-element elementor-element-27861ea elementor-grid-3 elementor-grid-tablet-2 elementor-grid-mobile-1 elementor-posts--thumbnail-top elementor-widget elementor-widget-posts\" data-id=\"27861ea\" data-element_type=\"widget\" data-settings=\"{&quot;classic_columns&quot;:&quot;3&quot;,&quot;classic_columns_tablet&quot;:&quot;2&quot;,&quot;classic_columns_mobile&quot;:&quot;1&quot;,&quot;classic_row_gap&quot;:{&quot;unit&quot;:&quot;px&quot;,&quot;size&quot;:35,&quot;sizes&quot;:[]},&quot;classic_row_gap_tablet&quot;:{&quot;unit&quot;:&quot;px&quot;,&quot;size&quot;:&quot;&quot;,&quot;sizes&quot;:[]},&quot;classic_row_gap_mobile&quot;:{&quot;unit&quot;:&quot;px&quot;,&quot;size&quot;:&quot;&quot;,&quot;sizes&quot;:[]}}\" data-widget_type=\"posts.classic\">\n\t\t\t\t<div class=\"elementor-widget-container\">\n\t\t\t\t\t\t\t<div class=\"elementor-posts-container elementor-posts elementor-posts--skin-classic elementor-grid\">\n\t\t\t\t<article class=\"elementor-post elementor-grid-item post-805 post type-post status-publish format-standard hentry category-tin-tuc\">\n\t\t\t\t<div class=\"elementor-post__text\">\n\t\t\t\t<h3 class=\"elementor-post__title\">\n\t\t\t<a href=\"https:\/\/dtlxmanhlinh.com\/index.php\/2025\/05\/25\/elementor-805\/\" >\n\t\t\t\tH\u1eccC L\u00c1I XE TH\u00c1NG 6 \u2013 DEAL C\u1ef0C CH\u1ea4T, L\u1ee2I G\u1ea4P B\u1ed0N\t\t\t<\/a>\n\t\t<\/h3>\n\t\t\t\t<div class=\"elementor-post__meta-data\">\n\t\t\t\t\t<span class=\"elementor-post-date\">\n\t\t\t25 Th\u00e1ng 5, 2025\t\t<\/span>\n\t\t\t\t<span class=\"elementor-post-avatar\">\n\t\t\tKh\u00f4ng c\u00f3 b\u00ecnh lu\u1eadn\t\t<\/span>\n\t\t\t\t<\/div>\n\t\t\t\t<div class=\"elementor-post__excerpt\">\n\t\t\t<p>http:\/\/dtlxmanhlinh.com\/wp-content\/uploads\/2025\/05\/IMG_9619.mp4 \u0110\u0103ng k\u00fd ngay \u2013 Nh\u1eadn \u01b0u \u0111\u00e3i l\u00ean \u0111\u1ebfn \ud835\udfd1.\ud835\udfce\ud835\udfce\ud835\udfce.\ud835\udfce\ud835\udfce\ud835\udfce VN\u0110! B\u1ea1n \u0111ang mu\u1ed1n l\u1ea5y b\u1eb1ng l\u00e1i \u00f4 t\u00f4 \u0111\u1ec3 t\u1ef1 do vi vu,<\/p>\n\t\t<\/div>\n\t\t\n\t\t<a class=\"elementor-post__read-more\" href=\"https:\/\/dtlxmanhlinh.com\/index.php\/2025\/05\/25\/elementor-805\/\" aria-label=\"Read more about H\u1eccC L\u00c1I XE TH\u00c1NG 6 \u2013 DEAL C\u1ef0C CH\u1ea4T, L\u1ee2I G\u1ea4P B\u1ed0N\" tabindex=\"-1\" >\n\t\t\tRead More \u00bb\t\t<\/a>\n\n\t\t\t\t<\/div>\n\t\t\t\t<\/article>\n\t\t\t\t<article class=\"elementor-post elementor-grid-item post-785 post type-post status-publish format-standard hentry category-tin-tuc\">\n\t\t\t\t<div class=\"elementor-post__text\">\n\t\t\t\t<h3 class=\"elementor-post__title\">\n\t\t\t<a href=\"https:\/\/dtlxmanhlinh.com\/index.php\/2025\/02\/05\/quyet-dinh-v-v-quy-dinh-tang-muc-thu-hoc-phi-dao-tao-lai-xe-o-to-mo-to-hang-a1-tu-01-2-2025\/\" >\n\t\t\t\tQUY\u1ebeT \u0110\u1ecaNH V\/V QUY \u0110\u1ecaNH T\u0102NG M\u1ee8C THU H\u1eccC PH\u00cd \u0110\u00c0O T\u1ea0O L\u00c1I XE \u00d4 T\u00d4, M\u00d4 T\u00d4 H\u1ea0NG A1 T\u1eea 01\/2\/2025\t\t\t<\/a>\n\t\t<\/h3>\n\t\t\t\t<div class=\"elementor-post__meta-data\">\n\t\t\t\t\t<span class=\"elementor-post-date\">\n\t\t\t5 Th\u00e1ng 2, 2025\t\t<\/span>\n\t\t\t\t<span class=\"elementor-post-avatar\">\n\t\t\tKh\u00f4ng c\u00f3 b\u00ecnh lu\u1eadn\t\t<\/span>\n\t\t\t\t<\/div>\n\t\t\t\t<div class=\"elementor-post__excerpt\">\n\t\t\t<p>Q\u0110 TANG HOC PHI O TO, A1 01.02.2025 &#8211; CopyT\u1ea3i xu\u1ed1ng<\/p>\n\t\t<\/div>\n\t\t\n\t\t<a class=\"elementor-post__read-more\" href=\"https:\/\/dtlxmanhlinh.com\/index.php\/2025\/02\/05\/quyet-dinh-v-v-quy-dinh-tang-muc-thu-hoc-phi-dao-tao-lai-xe-o-to-mo-to-hang-a1-tu-01-2-2025\/\" aria-label=\"Read more about QUY\u1ebeT \u0110\u1ecaNH V\/V QUY \u0110\u1ecaNH T\u0102NG M\u1ee8C THU H\u1eccC PH\u00cd \u0110\u00c0O T\u1ea0O L\u00c1I XE \u00d4 T\u00d4, M\u00d4 T\u00d4 H\u1ea0NG A1 T\u1eea 01\/2\/2025\" tabindex=\"-1\" >\n\t\t\tRead More \u00bb\t\t<\/a>\n\n\t\t\t\t<\/div>\n\t\t\t\t<\/article>\n\t\t\t\t<article class=\"elementor-post elementor-grid-item post-766 post type-post status-publish format-standard hentry category-tin-tuc\">\n\t\t\t\t<div class=\"elementor-post__text\">\n\t\t\t\t<h3 class=\"elementor-post__title\">\n\t\t\t<a href=\"https:\/\/dtlxmanhlinh.com\/index.php\/2025\/01\/15\/quyet-dinh-ve-viec-quy-che-tuyen-sinh-va-quan-ly-dao-tao-lai-xe-o-to-va-mo-to\/\" >\n\t\t\t\tQUY\u1ebeT \u0110\u1ecaNH V\u1ec0 VI\u1ec6C QUY CH\u1ebe TUY\u1ec2N SINH V\u00c0 QU\u1ea2N L\u00dd \u0110\u00c0O T\u1ea0O L\u00c1I XE \u00d4 T\u00d4 V\u00c0 M\u00d4 T\u00d4\t\t\t<\/a>\n\t\t<\/h3>\n\t\t\t\t<div class=\"elementor-post__meta-data\">\n\t\t\t\t\t<span class=\"elementor-post-date\">\n\t\t\t15 Th\u00e1ng 1, 2025\t\t<\/span>\n\t\t\t\t<span class=\"elementor-post-avatar\">\n\t\t\tKh\u00f4ng c\u00f3 b\u00ecnh lu\u1eadn\t\t<\/span>\n\t\t\t\t<\/div>\n\t\t\t\t<div class=\"elementor-post__excerpt\">\n\t\t\t<p>QUY CHE TUYEN SINH QUAN LY DAO TAO (1)T\u1ea3i xu\u1ed1ng<\/p>\n\t\t<\/div>\n\t\t\n\t\t<a class=\"elementor-post__read-more\" href=\"https:\/\/dtlxmanhlinh.com\/index.php\/2025\/01\/15\/quyet-dinh-ve-viec-quy-che-tuyen-sinh-va-quan-ly-dao-tao-lai-xe-o-to-va-mo-to\/\" aria-label=\"Read more about QUY\u1ebeT \u0110\u1ecaNH V\u1ec0 VI\u1ec6C QUY CH\u1ebe TUY\u1ec2N SINH V\u00c0 QU\u1ea2N L\u00dd \u0110\u00c0O T\u1ea0O L\u00c1I XE \u00d4 T\u00d4 V\u00c0 M\u00d4 T\u00d4\" tabindex=\"-1\" >\n\t\t\tRead More \u00bb\t\t<\/a>\n\n\t\t\t\t<\/div>\n\t\t\t\t<\/article>\n\t\t\t\t<article class=\"elementor-post elementor-grid-item post-561 post type-post status-publish format-standard hentry category-tin-tuc\">\n\t\t\t\t<div class=\"elementor-post__text\">\n\t\t\t\t<h3 class=\"elementor-post__title\">\n\t\t\t<a href=\"https:\/\/dtlxmanhlinh.com\/index.php\/2025\/01\/13\/quyet-dinh-ve-viec-quy-dinh-muc-thu-hoc-phi-dao-tao-lai-xe-o-to-mo-to-hang-a1\/\" >\n\t\t\t\tQuy\u1ebft \u0111\u1ecbnh v\u1ec1 vi\u1ec7c quy \u0111\u1ecbnh m\u1ee9c thu h\u1ecdc ph\u00ed \u0111\u00e0o t\u1ea1o l\u00e1i xe \u00f4 t\u00f4, m\u00f4 t\u00f4 h\u1ea1ng A1\t\t\t<\/a>\n\t\t<\/h3>\n\t\t\t\t<div class=\"elementor-post__meta-data\">\n\t\t\t\t\t<span class=\"elementor-post-date\">\n\t\t\t13 Th\u00e1ng 1, 2025\t\t<\/span>\n\t\t\t\t<span class=\"elementor-post-avatar\">\n\t\t\tKh\u00f4ng c\u00f3 b\u00ecnh lu\u1eadn\t\t<\/span>\n\t\t\t\t<\/div>\n\t\t\t\t<div class=\"elementor-post__excerpt\">\n\t\t\t<p>Q\u0110 TANG HOC PHI O TO, A1T\u1ea3i xu\u1ed1ng<\/p>\n\t\t<\/div>\n\t\t\n\t\t<a class=\"elementor-post__read-more\" href=\"https:\/\/dtlxmanhlinh.com\/index.php\/2025\/01\/13\/quyet-dinh-ve-viec-quy-dinh-muc-thu-hoc-phi-dao-tao-lai-xe-o-to-mo-to-hang-a1\/\" aria-label=\"Read more about Quy\u1ebft \u0111\u1ecbnh v\u1ec1 vi\u1ec7c quy \u0111\u1ecbnh m\u1ee9c thu h\u1ecdc ph\u00ed \u0111\u00e0o t\u1ea1o l\u00e1i xe \u00f4 t\u00f4, m\u00f4 t\u00f4 h\u1ea1ng A1\" tabindex=\"-1\" >\n\t\t\tRead More \u00bb\t\t<\/a>\n\n\t\t\t\t<\/div>\n\t\t\t\t<\/article>\n\t\t\t\t<article class=\"elementor-post elementor-grid-item post-553 post type-post status-publish format-standard hentry category-tin-tuc\">\n\t\t\t\t<div class=\"elementor-post__text\">\n\t\t\t\t<h3 class=\"elementor-post__title\">\n\t\t\t<a href=\"https:\/\/dtlxmanhlinh.com\/index.php\/2025\/01\/13\/553\/\" >\n\t\t\t\tQuy\u1ebft \u0111\u1ecbnh v\u1ec1 vi\u1ec7c ban h\u00e0nh quy ch\u1ebf \u0111\u1ed1i v\u1edbi h\u1ecdc vi\u00ean theo h\u1ecdc t\u1ea1i trung t\u00e2m gi\u00e1o d\u1ee5c ngh\u1ec1 nghi\u1ec7p M\u1ea1nh Linh\t\t\t<\/a>\n\t\t<\/h3>\n\t\t\t\t<div class=\"elementor-post__meta-data\">\n\t\t\t\t\t<span class=\"elementor-post-date\">\n\t\t\t13 Th\u00e1ng 1, 2025\t\t<\/span>\n\t\t\t\t<span class=\"elementor-post-avatar\">\n\t\t\tKh\u00f4ng c\u00f3 b\u00ecnh lu\u1eadn\t\t<\/span>\n\t\t\t\t<\/div>\n\t\t\t\t<div class=\"elementor-post__excerpt\">\n\t\t\t<p>QUY CHE HOC TAP CUA HV 2025T\u1ea3i xu\u1ed1ng<\/p>\n\t\t<\/div>\n\t\t\n\t\t<a class=\"elementor-post__read-more\" href=\"https:\/\/dtlxmanhlinh.com\/index.php\/2025\/01\/13\/553\/\" aria-label=\"Read more about Quy\u1ebft \u0111\u1ecbnh v\u1ec1 vi\u1ec7c ban h\u00e0nh quy ch\u1ebf \u0111\u1ed1i v\u1edbi h\u1ecdc vi\u00ean theo h\u1ecdc t\u1ea1i trung t\u00e2m gi\u00e1o d\u1ee5c ngh\u1ec1 nghi\u1ec7p M\u1ea1nh Linh\" tabindex=\"-1\" >\n\t\t\tRead More \u00bb\t\t<\/a>\n\n\t\t\t\t<\/div>\n\t\t\t\t<\/article>\n\t\t\t\t<article class=\"elementor-post elementor-grid-item post-508 post type-post status-publish format-standard hentry category-tin-tuc\">\n\t\t\t\t<div class=\"elementor-post__text\">\n\t\t\t\t<h3 class=\"elementor-post__title\">\n\t\t\t<a href=\"https:\/\/dtlxmanhlinh.com\/index.php\/2025\/01\/06\/trung-tam-gdnn-manh-linh-tuyen-dung\/\" >\n\t\t\t\tTRUNG T\u00c2M GDNN M\u1ea0NH LINH TUY\u1ec2N D\u1ee4NG\t\t\t<\/a>\n\t\t<\/h3>\n\t\t\t\t<div class=\"elementor-post__meta-data\">\n\t\t\t\t\t<span class=\"elementor-post-date\">\n\t\t\t6 Th\u00e1ng 1, 2025\t\t<\/span>\n\t\t\t\t<span class=\"elementor-post-avatar\">\n\t\t\tKh\u00f4ng c\u00f3 b\u00ecnh lu\u1eadn\t\t<\/span>\n\t\t\t\t<\/div>\n\t\t\t\t<div class=\"elementor-post__excerpt\">\n\t\t\t<p>http:\/\/dtlxmanhlinh.com\/wp-content\/uploads\/2024\/12\/document_6332150905323918017.mp4#t=6 \u00a0M\u00d4 T\u1ea2 C\u00d4NG VI\u1ec6C\u00a0 &#8211; Gi\u1ea3ng d\u1ea1y th\u1ef1c h\u00e0nh l\u00e1i xe theo K\u1ebf ho\u1ea1ch \u0111\u00e0o t\u1ea1o \u0111\u00e3 ph\u00e2n c\u00f4ng;\u00a0 \u00a0Y\u00caU C\u1ea6U C\u00d4NG VI\u1ec6C\u00a0 &#8211;<\/p>\n\t\t<\/div>\n\t\t\n\t\t<a class=\"elementor-post__read-more\" href=\"https:\/\/dtlxmanhlinh.com\/index.php\/2025\/01\/06\/trung-tam-gdnn-manh-linh-tuyen-dung\/\" aria-label=\"Read more about TRUNG T\u00c2M GDNN M\u1ea0NH LINH TUY\u1ec2N D\u1ee4NG\" tabindex=\"-1\" >\n\t\t\tRead More \u00bb\t\t<\/a>\n\n\t\t\t\t<\/div>\n\t\t\t\t<\/article>\n\t\t\t\t<\/div>\n\t\t\n\t\t\t\t\t\t<\/div>\n\t\t\t\t<\/div>\n\t\t\t\t\t<\/div>\n\t\t\t\t<\/div>\n\t\t\t\t<\/div>\n\t\t","protected":false},"excerpt":{"rendered":"","protected":false},"author":1,"featured_media":0,"parent":0,"menu_order":0,"comment_status":"closed","ping_status":"closed","template":"","meta":{"footnotes":""},"class_list":["post-33","page","type-page","status-publish","hentry"],"yoast_head":"<!-- This site is optimized with the Yoast SEO plugin v24.1 - https:\/\/yoast.com\/wordpress\/plugins\/seo\/ -->\n<title>TIN T\u1ee8C - TH\u00d4NG B\u00c1O -<\/title>\n<meta name=\"robots\" content=\"index, follow, max-snippet:-1, max-image-preview:large, max-video-preview:-1\" \/>\n<link rel=\"canonical\" href=\"https:\/\/dtlxmanhlinh.com\/index.php\/thong-bao\/\" \/>\n<meta property=\"og:locale\" content=\"vi_VN\" \/>\n<meta property=\"og:type\" content=\"article\" \/>\n<meta property=\"og:title\" content=\"TIN T\u1ee8C - TH\u00d4NG B\u00c1O -\" \/>\n<meta property=\"og:url\" content=\"https:\/\/dtlxmanhlinh.com\/index.php\/thong-bao\/\" \/>\n<meta property=\"article:modified_time\" content=\"2026-03-24T07:17:53+00:00\" \/>\n<meta property=\"og:image\" content=\"http:\/\/dtlxmanhlinh.com\/wp-content\/uploads\/2025\/01\/banner-tet.jpg\" \/>\n<meta name=\"twitter:card\" content=\"summary_large_image\" \/>\n<meta name=\"twitter:label1\" content=\"\u01af\u1edbc t\u00ednh th\u1eddi gian \u0111\u1ecdc\" \/>\n\t<meta name=\"twitter:data1\" content=\"3 ph\u00fat\" \/>\n<script type=\"application\/ld+json\" class=\"yoast-schema-graph\">{\"@context\":\"https:\/\/schema.org\",\"@graph\":[{\"@type\":\"WebPage\",\"@id\":\"https:\/\/dtlxmanhlinh.com\/index.php\/thong-bao\/\",\"url\":\"https:\/\/dtlxmanhlinh.com\/index.php\/thong-bao\/\",\"name\":\"TIN T\u1ee8C - TH\u00d4NG B\u00c1O -\",\"isPartOf\":{\"@id\":\"https:\/\/dtlxmanhlinh.com\/#website\"},\"primaryImageOfPage\":{\"@id\":\"https:\/\/dtlxmanhlinh.com\/index.php\/thong-bao\/#primaryimage\"},\"image\":{\"@id\":\"https:\/\/dtlxmanhlinh.com\/index.php\/thong-bao\/#primaryimage\"},\"thumbnailUrl\":\"http:\/\/dtlxmanhlinh.com\/wp-content\/uploads\/2025\/01\/banner-tet.jpg\",\"datePublished\":\"2024-12-22T09:36:48+00:00\",\"dateModified\":\"2026-03-24T07:17:53+00:00\",\"breadcrumb\":{\"@id\":\"https:\/\/dtlxmanhlinh.com\/index.php\/thong-bao\/#breadcrumb\"},\"inLanguage\":\"vi\",\"potentialAction\":[{\"@type\":\"ReadAction\",\"target\":[\"https:\/\/dtlxmanhlinh.com\/index.php\/thong-bao\/\"]}]},{\"@type\":\"ImageObject\",\"inLanguage\":\"vi\",\"@id\":\"https:\/\/dtlxmanhlinh.com\/index.php\/thong-bao\/#primaryimage\",\"url\":\"https:\/\/dtlxmanhlinh.com\/wp-content\/uploads\/2025\/01\/banner-tet.jpg\",\"contentUrl\":\"https:\/\/dtlxmanhlinh.com\/wp-content\/uploads\/2025\/01\/banner-tet.jpg\",\"width\":1000,\"height\":500},{\"@type\":\"BreadcrumbList\",\"@id\":\"https:\/\/dtlxmanhlinh.com\/index.php\/thong-bao\/#breadcrumb\",\"itemListElement\":[{\"@type\":\"ListItem\",\"position\":1,\"name\":\"Trang ch\u1ee7\",\"item\":\"https:\/\/dtlxmanhlinh.com\/\"},{\"@type\":\"ListItem\",\"position\":2,\"name\":\"TIN T\u1ee8C &#8211; TH\u00d4NG B\u00c1O\"}]},{\"@type\":\"WebSite\",\"@id\":\"https:\/\/dtlxmanhlinh.com\/#website\",\"url\":\"https:\/\/dtlxmanhlinh.com\/\",\"name\":\"\",\"description\":\"TRUNG T\u00c2M \u0110\u00c0O T\u1ea0O - S\u00c1T H\u1ea0CH L\u00c1I XE M\u1ea0NH LINH\",\"potentialAction\":[{\"@type\":\"SearchAction\",\"target\":{\"@type\":\"EntryPoint\",\"urlTemplate\":\"https:\/\/dtlxmanhlinh.com\/?s={search_term_string}\"},\"query-input\":{\"@type\":\"PropertyValueSpecification\",\"valueRequired\":true,\"valueName\":\"search_term_string\"}}],\"inLanguage\":\"vi\"}]}<\/script>\n<!-- \/ Yoast SEO plugin. -->","yoast_head_json":{"title":"TIN T\u1ee8C - TH\u00d4NG B\u00c1O -","robots":{"index":"index","follow":"follow","max-snippet":"max-snippet:-1","max-image-preview":"max-image-preview:large","max-video-preview":"max-video-preview:-1"},"canonical":"https:\/\/dtlxmanhlinh.com\/index.php\/thong-bao\/","og_locale":"vi_VN","og_type":"article","og_title":"TIN T\u1ee8C - TH\u00d4NG B\u00c1O -","og_url":"https:\/\/dtlxmanhlinh.com\/index.php\/thong-bao\/","article_modified_time":"2026-03-24T07:17:53+00:00","og_image":[{"url":"http:\/\/dtlxmanhlinh.com\/wp-content\/uploads\/2025\/01\/banner-tet.jpg","type":"","width":"","height":""}],"twitter_card":"summary_large_image","twitter_misc":{"\u01af\u1edbc t\u00ednh th\u1eddi gian \u0111\u1ecdc":"3 ph\u00fat"},"schema":{"@context":"https:\/\/schema.org","@graph":[{"@type":"WebPage","@id":"https:\/\/dtlxmanhlinh.com\/index.php\/thong-bao\/","url":"https:\/\/dtlxmanhlinh.com\/index.php\/thong-bao\/","name":"TIN T\u1ee8C - TH\u00d4NG B\u00c1O -","isPartOf":{"@id":"https:\/\/dtlxmanhlinh.com\/#website"},"primaryImageOfPage":{"@id":"https:\/\/dtlxmanhlinh.com\/index.php\/thong-bao\/#primaryimage"},"image":{"@id":"https:\/\/dtlxmanhlinh.com\/index.php\/thong-bao\/#primaryimage"},"thumbnailUrl":"http:\/\/dtlxmanhlinh.com\/wp-content\/uploads\/2025\/01\/banner-tet.jpg","datePublished":"2024-12-22T09:36:48+00:00","dateModified":"2026-03-24T07:17:53+00:00","breadcrumb":{"@id":"https:\/\/dtlxmanhlinh.com\/index.php\/thong-bao\/#breadcrumb"},"inLanguage":"vi","potentialAction":[{"@type":"ReadAction","target":["https:\/\/dtlxmanhlinh.com\/index.php\/thong-bao\/"]}]},{"@type":"ImageObject","inLanguage":"vi","@id":"https:\/\/dtlxmanhlinh.com\/index.php\/thong-bao\/#primaryimage","url":"https:\/\/dtlxmanhlinh.com\/wp-content\/uploads\/2025\/01\/banner-tet.jpg","contentUrl":"https:\/\/dtlxmanhlinh.com\/wp-content\/uploads\/2025\/01\/banner-tet.jpg","width":1000,"height":500},{"@type":"BreadcrumbList","@id":"https:\/\/dtlxmanhlinh.com\/index.php\/thong-bao\/#breadcrumb","itemListElement":[{"@type":"ListItem","position":1,"name":"Trang ch\u1ee7","item":"https:\/\/dtlxmanhlinh.com\/"},{"@type":"ListItem","position":2,"name":"TIN T\u1ee8C &#8211; TH\u00d4NG B\u00c1O"}]},{"@type":"WebSite","@id":"https:\/\/dtlxmanhlinh.com\/#website","url":"https:\/\/dtlxmanhlinh.com\/","name":"","description":"TRUNG T\u00c2M \u0110\u00c0O T\u1ea0O - S\u00c1T H\u1ea0CH L\u00c1I XE M\u1ea0NH LINH","potentialAction":[{"@type":"SearchAction","target":{"@type":"EntryPoint","urlTemplate":"https:\/\/dtlxmanhlinh.com\/?s={search_term_string}"},"query-input":{"@type":"PropertyValueSpecification","valueRequired":true,"valueName":"search_term_string"}}],"inLanguage":"vi"}]}},"_links":{"self":[{"href":"https:\/\/dtlxmanhlinh.com\/index.php\/wp-json\/wp\/v2\/pages\/33","targetHints":{"allow":["GET"]}}],"collection":[{"href":"https:\/\/dtlxmanhlinh.com\/index.php\/wp-json\/wp\/v2\/pages"}],"about":[{"href":"https:\/\/dtlxmanhlinh.com\/index.php\/wp-json\/wp\/v2\/types\/page"}],"author":[{"embeddable":true,"href":"https:\/\/dtlxmanhlinh.com\/index.php\/wp-json\/wp\/v2\/users\/1"}],"replies":[{"embeddable":true,"href":"https:\/\/dtlxmanhlinh.com\/index.php\/wp-json\/wp\/v2\/comments?post=33"}],"version-history":[{"count":14,"href":"https:\/\/dtlxmanhlinh.com\/index.php\/wp-json\/wp\/v2\/pages\/33\/revisions"}],"predecessor-version":[{"id":835,"href":"https:\/\/dtlxmanhlinh.com\/index.php\/wp-json\/wp\/v2\/pages\/33\/revisions\/835"}],"wp:attachment":[{"href":"https:\/\/dtlxmanhlinh.com\/index.php\/wp-json\/wp\/v2\/media?parent=33"}],"curies":[{"name":"wp","href":"https:\/\/api.w.org\/{rel}","templated":true}]}}